{"id":1251,"date":"2025-02-14T11:47:25","date_gmt":"2025-02-14T10:47:25","guid":{"rendered":"https:\/\/gintonic.cat\/pagina-en-construccion\/"},"modified":"2025-02-14T11:47:26","modified_gmt":"2025-02-14T10:47:26","slug":"pagina-en-construccion","status":"publish","type":"page","link":"https:\/\/gintonic.cat\/es\/pagina-en-construccion\/","title":{"rendered":"P\u00e1gina en construcci\u00f3n"},"content":{"rendered":"<section  class='av_textblock_section av-m0f25of5-c8ef9f0591b9fd95842a2c1ad1141430 '   itemscope=\"itemscope\" itemtype=\"https:\/\/schema.org\/CreativeWork\" ><div class='avia_textblock'  itemprop=\"text\" ><h1 style=\"text-align: center;\">P\u00e1gina en construcci\u00f3n<\/h1>\n<h4 style=\"text-align: center;\">\u00a1BIEN PRONTO ESTAREMOS OPERATIVOS!<\/h4>\n<\/div><\/section>\n<div  class='flex_column av-24syd-722b9b2faf19b62b58dd43a1e731f661 av_one_third  avia-builder-el-1  el_after_av_textblock  el_before_av_one_third  first flex_column_div  column-top-margin'     ><\/div>\n<div  class='flex_column av-1b7r5-fd081ea6325fcd77a2e2d62272645bb2 av_one_third  avia-builder-el-2  el_after_av_one_third  el_before_av_one_third  flex_column_div  column-top-margin'     ><style type=\"text\/css\" data-created_by=\"avia_inline_auto\" id=\"style-css-av-m0f26olw-c55e8b06d8bf5aa0d6666e9c9f432305\">\n.avia-image-container.av-m0f26olw-c55e8b06d8bf5aa0d6666e9c9f432305 img.avia_image{\nbox-shadow:none;\n}\n.avia-image-container.av-m0f26olw-c55e8b06d8bf5aa0d6666e9c9f432305 .av-image-caption-overlay-center{\ncolor:#ffffff;\n}\n<\/style>\n<div  class='avia-image-container av-m0f26olw-c55e8b06d8bf5aa0d6666e9c9f432305 av-styling- avia-align-center  avia-builder-el-3  avia-builder-el-no-sibling '   itemprop=\"image\" itemscope=\"itemscope\" itemtype=\"https:\/\/schema.org\/ImageObject\" ><div class=\"avia-image-container-inner\"><div class=\"avia-image-overlay-wrap\"><img decoding=\"async\" fetchpriority=\"high\" class='wp-image-1448 avia-img-lazy-loading-not-1448 avia_image ' src=\"https:\/\/gintonic.cat\/wp-content\/uploads\/2024\/07\/logo-ergates-1030x476.png\" alt='P\u00e1gina en construcci\u00f3n' title='P\u00e1gina en construcci\u00f3n'  height=\"476\" width=\"1030\"  itemprop=\"thumbnailUrl\" srcset=\"https:\/\/gintonic.cat\/wp-content\/uploads\/2024\/07\/logo-ergates-1030x476.png 1030w, https:\/\/gintonic.cat\/wp-content\/uploads\/2024\/07\/logo-ergates-300x139.png 300w, https:\/\/gintonic.cat\/wp-content\/uploads\/2024\/07\/logo-ergates-768x355.png 768w, https:\/\/gintonic.cat\/wp-content\/uploads\/2024\/07\/logo-ergates-1536x709.png 1536w, https:\/\/gintonic.cat\/wp-content\/uploads\/2024\/07\/logo-ergates-2048x946.png 2048w, https:\/\/gintonic.cat\/wp-content\/uploads\/2024\/07\/logo-ergates-1500x693.png 1500w, https:\/\/gintonic.cat\/wp-content\/uploads\/2024\/07\/logo-ergates-705x326.png 705w\" sizes=\"(max-width: 1030px) 100vw, 1030px\" \/><\/div><\/div><\/div><\/div>\n<div  class='flex_column av-xjxl-bb849b874515ecc627981b4d4fd9d5f2 av_one_third  avia-builder-el-4  el_after_av_one_third  avia-builder-el-last  flex_column_div  column-top-margin'     ><\/div>\n","protected":false},"excerpt":{"rendered":"","protected":false},"author":3,"featured_media":0,"parent":0,"menu_order":0,"comment_status":"closed","ping_status":"closed","template":"template-blank.php","meta":{"footnotes":""},"class_list":["post-1251","page","type-page","status-publish","hentry"],"yoast_head":"<!-- This site is optimized with the Yoast SEO plugin v27.3 - https:\/\/yoast.com\/product\/yoast-seo-wordpress\/ -->\n<title>P\u00e1gina en construcci\u00f3n - Gintonic<\/title>\n<meta name=\"robots\" content=\"index, follow, max-snippet:-1, max-image-preview:large, max-video-preview:-1\" \/>\n<link rel=\"canonical\" href=\"https:\/\/gintonic.cat\/es\/pagina-en-construccion\/\" \/>\n<meta property=\"og:locale\" content=\"es_ES\" \/>\n<meta property=\"og:type\" content=\"article\" \/>\n<meta property=\"og:title\" content=\"P\u00e1gina en construcci\u00f3n - Gintonic\" \/>\n<meta property=\"og:url\" content=\"https:\/\/gintonic.cat\/es\/pagina-en-construccion\/\" \/>\n<meta property=\"og:site_name\" content=\"Gintonic\" \/>\n<meta property=\"article:modified_time\" content=\"2025-02-14T10:47:26+00:00\" \/>\n<meta name=\"twitter:card\" content=\"summary_large_image\" \/>\n<meta name=\"twitter:label1\" content=\"Tiempo de lectura\" \/>\n\t<meta name=\"twitter:data1\" content=\"9 minutos\" \/>\n<script type=\"application\/ld+json\" class=\"yoast-schema-graph\">{\"@context\":\"https:\\\/\\\/schema.org\",\"@graph\":[{\"@type\":\"WebPage\",\"@id\":\"https:\\\/\\\/gintonic.cat\\\/es\\\/pagina-en-construccion\\\/\",\"url\":\"https:\\\/\\\/gintonic.cat\\\/es\\\/pagina-en-construccion\\\/\",\"name\":\"P\u00e1gina en construcci\u00f3n - Gintonic\",\"isPartOf\":{\"@id\":\"https:\\\/\\\/gintonic.cat\\\/es\\\/#website\"},\"datePublished\":\"2025-02-14T10:47:25+00:00\",\"dateModified\":\"2025-02-14T10:47:26+00:00\",\"breadcrumb\":{\"@id\":\"https:\\\/\\\/gintonic.cat\\\/es\\\/pagina-en-construccion\\\/#breadcrumb\"},\"inLanguage\":\"es\",\"potentialAction\":[{\"@type\":\"ReadAction\",\"target\":[\"https:\\\/\\\/gintonic.cat\\\/es\\\/pagina-en-construccion\\\/\"]}]},{\"@type\":\"BreadcrumbList\",\"@id\":\"https:\\\/\\\/gintonic.cat\\\/es\\\/pagina-en-construccion\\\/#breadcrumb\",\"itemListElement\":[{\"@type\":\"ListItem\",\"position\":1,\"name\":\"Inici\",\"item\":\"https:\\\/\\\/gintonic.cat\\\/es\\\/inicio\\\/\"},{\"@type\":\"ListItem\",\"position\":2,\"name\":\"P\u00e1gina en construcci\u00f3n\"}]},{\"@type\":\"WebSite\",\"@id\":\"https:\\\/\\\/gintonic.cat\\\/es\\\/#website\",\"url\":\"https:\\\/\\\/gintonic.cat\\\/es\\\/\",\"name\":\"Gintonic\",\"description\":\"\",\"potentialAction\":[{\"@type\":\"SearchAction\",\"target\":{\"@type\":\"EntryPoint\",\"urlTemplate\":\"https:\\\/\\\/gintonic.cat\\\/es\\\/?s={search_term_string}\"},\"query-input\":{\"@type\":\"PropertyValueSpecification\",\"valueRequired\":true,\"valueName\":\"search_term_string\"}}],\"inLanguage\":\"es\"}]}<\/script>\n<!-- \/ Yoast SEO plugin. -->","yoast_head_json":{"title":"P\u00e1gina en construcci\u00f3n - Gintonic","robots":{"index":"index","follow":"follow","max-snippet":"max-snippet:-1","max-image-preview":"max-image-preview:large","max-video-preview":"max-video-preview:-1"},"canonical":"https:\/\/gintonic.cat\/es\/pagina-en-construccion\/","og_locale":"es_ES","og_type":"article","og_title":"P\u00e1gina en construcci\u00f3n - Gintonic","og_url":"https:\/\/gintonic.cat\/es\/pagina-en-construccion\/","og_site_name":"Gintonic","article_modified_time":"2025-02-14T10:47:26+00:00","twitter_card":"summary_large_image","twitter_misc":{"Tiempo de lectura":"9 minutos"},"schema":{"@context":"https:\/\/schema.org","@graph":[{"@type":"WebPage","@id":"https:\/\/gintonic.cat\/es\/pagina-en-construccion\/","url":"https:\/\/gintonic.cat\/es\/pagina-en-construccion\/","name":"P\u00e1gina en construcci\u00f3n - Gintonic","isPartOf":{"@id":"https:\/\/gintonic.cat\/es\/#website"},"datePublished":"2025-02-14T10:47:25+00:00","dateModified":"2025-02-14T10:47:26+00:00","breadcrumb":{"@id":"https:\/\/gintonic.cat\/es\/pagina-en-construccion\/#breadcrumb"},"inLanguage":"es","potentialAction":[{"@type":"ReadAction","target":["https:\/\/gintonic.cat\/es\/pagina-en-construccion\/"]}]},{"@type":"BreadcrumbList","@id":"https:\/\/gintonic.cat\/es\/pagina-en-construccion\/#breadcrumb","itemListElement":[{"@type":"ListItem","position":1,"name":"Inici","item":"https:\/\/gintonic.cat\/es\/inicio\/"},{"@type":"ListItem","position":2,"name":"P\u00e1gina en construcci\u00f3n"}]},{"@type":"WebSite","@id":"https:\/\/gintonic.cat\/es\/#website","url":"https:\/\/gintonic.cat\/es\/","name":"Gintonic","description":"","potentialAction":[{"@type":"SearchAction","target":{"@type":"EntryPoint","urlTemplate":"https:\/\/gintonic.cat\/es\/?s={search_term_string}"},"query-input":{"@type":"PropertyValueSpecification","valueRequired":true,"valueName":"search_term_string"}}],"inLanguage":"es"}]}},"_links":{"self":[{"href":"https:\/\/gintonic.cat\/es\/wp-json\/wp\/v2\/pages\/1251","targetHints":{"allow":["GET"]}}],"collection":[{"href":"https:\/\/gintonic.cat\/es\/wp-json\/wp\/v2\/pages"}],"about":[{"href":"https:\/\/gintonic.cat\/es\/wp-json\/wp\/v2\/types\/page"}],"author":[{"embeddable":true,"href":"https:\/\/gintonic.cat\/es\/wp-json\/wp\/v2\/users\/3"}],"replies":[{"embeddable":true,"href":"https:\/\/gintonic.cat\/es\/wp-json\/wp\/v2\/comments?post=1251"}],"version-history":[{"count":4,"href":"https:\/\/gintonic.cat\/es\/wp-json\/wp\/v2\/pages\/1251\/revisions"}],"predecessor-version":[{"id":1258,"href":"https:\/\/gintonic.cat\/es\/wp-json\/wp\/v2\/pages\/1251\/revisions\/1258"}],"wp:attachment":[{"href":"https:\/\/gintonic.cat\/es\/wp-json\/wp\/v2\/media?parent=1251"}],"curies":[{"name":"wp","href":"https:\/\/api.w.org\/{rel}","templated":true}]}}