{"id":1292,"date":"2025-02-14T11:47:34","date_gmt":"2025-02-14T10:47:34","guid":{"rendered":"https:\/\/gintonic.cat\/section-cta\/"},"modified":"2025-02-14T12:51:22","modified_gmt":"2025-02-14T11:51:22","slug":"section-cta","status":"publish","type":"page","link":"https:\/\/gintonic.cat\/es\/section-cta\/","title":{"rendered":"Section CTA"},"content":{"rendered":"<div id='av_section_1'  class='avia-section av-lq6dnd8z-240f8e56d93f579d13829fc4caa52eb7 main_color avia-section-large avia-no-border-styling  avia-builder-el-0  avia-builder-el-no-sibling  avia-bg-style-scroll container_wrap fullsize'  ><div class='container av-section-cont-open' ><main  role=\"main\" itemprop=\"mainContentOfPage\"  class='template-page content  av-content-full alpha units'><div class='post-entry post-entry-type-page post-entry-1292'><div class='entry-content-wrapper clearfix'>\n<div class='flex_column_table av-lq6dk10a-30a9ae2acc775282f837d454fdc2b57e sc-av_one_half av-equal-height-column-flextable'>\n<style type=\"text\/css\" data-created_by=\"avia_inline_auto\" id=\"style-css-av-lq6dk10a-30a9ae2acc775282f837d454fdc2b57e\">\n.flex_column.av-lq6dk10a-30a9ae2acc775282f837d454fdc2b57e{\nwidth:48.5%;\nmargin-left:0;\n}\n#top .flex_column_table.av-equal-height-column-flextable.av-lq6dk10a-30a9ae2acc775282f837d454fdc2b57e .av-flex-placeholder{\nwidth:3%;\n}\n<\/style>\n<div  class='flex_column av-lq6dk10a-30a9ae2acc775282f837d454fdc2b57e av_one_half  avia-builder-el-1  el_before_av_one_half  avia-builder-el-first  first flex_column_table_cell av-equal-height-column av-align-top av-animated-generic left-to-right  '     ><p>\n<style type=\"text\/css\" data-created_by=\"avia_inline_auto\" id=\"style-css-av-lq6dj794-26f319530f61f31fc6092b0ded79cf50\">\n#top .av-special-heading.av-lq6dj794-26f319530f61f31fc6092b0ded79cf50{\npadding-bottom:10px;\n}\nbody .av-special-heading.av-lq6dj794-26f319530f61f31fc6092b0ded79cf50 .av-special-heading-tag .heading-char{\nfont-size:25px;\n}\n.av-special-heading.av-lq6dj794-26f319530f61f31fc6092b0ded79cf50 .av-subheading{\nfont-size:15px;\n}\n<\/style>\n<div  class='av-special-heading av-lq6dj794-26f319530f61f31fc6092b0ded79cf50 av-special-heading-h2 blockquote modern-quote  avia-builder-el-2  el_before_av_textblock  avia-builder-el-first '><h2 class='av-special-heading-tag '  itemprop=\"headline\"  >\u00a1Hagamos realidad tu evento!<\/h2><div class=\"special-heading-border\"><div class=\"special-heading-inner-border\"><\/div><\/div><\/div><br \/>\n<section  class='av_textblock_section av-lq6djsmi-3690819e3bf628c4442ac2e437f53186 '   itemscope=\"itemscope\" itemtype=\"https:\/\/schema.org\/CreativeWork\" ><div class='avia_textblock'  itemprop=\"text\" ><p>Cu\u00e9ntanos qu\u00e9 necesitas y te prepararemos una propuesta a medida. Tanto si se trata de una celebraci\u00f3n privada, un evento corporativo o una gran fiesta, en <strong>Gintonic.cat<\/strong> nos encargamos de llevar la mejor cocteler\u00eda all\u00e1 donde quieras. Contacta con nosotros y brindamos juntos por una experiencia \u00fanica!<\/p>\n<\/div><\/section><\/p><\/div><div class='av-flex-placeholder'><\/div>\n<style type=\"text\/css\" data-created_by=\"avia_inline_auto\" id=\"style-css-av-a7has-377fd43ae0dddb84abc559550a1417bb\">\n.flex_column.av-a7has-377fd43ae0dddb84abc559550a1417bb{\nwidth:48.5%;\nmargin-left:0;\n}\n#top .flex_column_table.av-equal-height-column-flextable.av-a7has-377fd43ae0dddb84abc559550a1417bb .av-flex-placeholder{\nwidth:3%;\n}\n<\/style>\n<div  class='flex_column av-a7has-377fd43ae0dddb84abc559550a1417bb av_one_half  avia-builder-el-4  el_after_av_one_half  avia-builder-el-last  flex_column_table_cell av-equal-height-column av-align-top av-animated-generic right-to-left  '     ><form action=\"https:\/\/gintonic.cat\/es\/section-cta\/\" method=\"post\" data-fields-with-error=\"Found errors in the following field(s):\" class=\"avia_ajax_form av-form-labels-hidden   avia-builder-el-5  avia-builder-el-no-sibling   \" data-avia-form-id=\"1\" data-avia-redirect='' ><fieldset><p class='  first_form  form_element form_fullwidth' id='element_avia_1_1'><label for=\"avia_1_1\">Nombre <abbr class=\"required\" title=\"requerido\">*<\/abbr><\/label> <input name=\"avia_1_1\" class=\"text_input is_empty\" type=\"text\" id=\"avia_1_1\" value=\"\"  placeholder='Nombre*'\/><\/p><p class='  first_form  form_element form_element_half' id='element_avia_2_1'><label for=\"avia_2_1\">Email <abbr class=\"required\" title=\"requerido\">*<\/abbr><\/label> <input name=\"avia_2_1\" class=\"text_input is_email\" type=\"text\" id=\"avia_2_1\" value=\"\"  placeholder='Email*'\/><\/p><p class='  form_element form_element_half' id='element_avia_3_1'><label for=\"avia_3_1\">Tel\u00e9fono<\/label> <input name=\"avia_3_1\" class=\"text_input \" type=\"text\" id=\"avia_3_1\" value=\"\"  placeholder='Tel\u00e9fono'\/><\/p><p class='  first_form  form_element form_fullwidth' id='element_avia_4_1'><label for=\"avia_4_1\">Mensaje <abbr class=\"required\" title=\"requerido\">*<\/abbr><\/label> <input name=\"avia_4_1\" class=\"text_input is_empty\" type=\"text\" id=\"avia_4_1\" value=\"\"  placeholder='Mensaje*'\/><\/p><p class=\"hidden\"><input type=\"text\" name=\"avia_5_1\" class=\"hidden \" id=\"avia_5_1\" value=\"\" \/><\/p><div id='avia_6_1' class='av-recaptcha-area  first_form  form_element form_fullwidth av-last-visible-form-element '  data-container_class=\"\" data-custom_class=\"\" data-context=\"av_contact_form\" data-token_input=\"av_recaptcha_token\" data-version=\"avia_recaptcha_v3\" data-theme=\"light\" data-size=\"normal\" data-score=\"0.5\" data-text_to_preview=\"\" data-value=\"\"><div class=\"av-google-badge-message hidden\">Este sitio est\u00e1 protegido por reCAPTCHA y se aplican la <a href=\"https:\/\/policies.google.com\/privacy\" target=\"_blank\">Pol\u00edtica de privacidad<\/a> y las <a href=\"https:\/\/policies.google.com\/terms\" target=\"_blank\">Condiciones de servicio <\/a> de Google.<\/div><\/div><p class=' av_form_privacy_check av_contact_privacy_check first_form  form_element form_fullwidth' id='element_avia_7_1'><input  name=\"avia_7_1\" class=\"input_checkbox is_empty\" type=\"checkbox\" id=\"avia_7_1\" value=\"true\"\/><label class=\"input_checkbox_label\" for=\"avia_7_1\">Acepto los t\u00e9rminos y condiciones establecidos en la <a href='https:\/\/gintonic.cat\/politica-de-privacitat\/' target='_blank'> Pol\u00edtica de privacidad<\/a> <abbr class=\"required\" title=\"requerido\">*<\/abbr><\/label><\/p><p class=\"form_element \"><input type=\"hidden\" value=\"1\" name=\"avia_generated_form1\" \/><input type=\"submit\" value=\"Enviar\" class=\"button\"  data-sending-label=\"Enviando\"\/><\/p><\/fieldset><div class=\"avia-disabled-form\">This contact form is deactivated because you refused to accept Google reCaptcha service which is necessary to validate any messages sent by the form.<\/div><\/form><div id=\"ajaxresponse_1\" class=\"ajaxresponse ajaxresponse_1 hidden\"><\/div><\/div><\/div><!--close column table wrapper. Autoclose: 1 -->\n","protected":false},"excerpt":{"rendered":"","protected":false},"author":3,"featured_media":0,"parent":0,"menu_order":0,"comment_status":"closed","ping_status":"closed","template":"","meta":{"footnotes":""},"class_list":["post-1292","page","type-page","status-publish","hentry"],"yoast_head":"<!-- This site is optimized with the Yoast SEO plugin v27.3 - https:\/\/yoast.com\/product\/yoast-seo-wordpress\/ -->\n<title>Section CTA - Gintonic<\/title>\n<meta name=\"robots\" content=\"index, follow, max-snippet:-1, max-image-preview:large, max-video-preview:-1\" \/>\n<link rel=\"canonical\" href=\"https:\/\/gintonic.cat\/es\/section-cta\/\" \/>\n<meta property=\"og:locale\" content=\"es_ES\" \/>\n<meta property=\"og:type\" content=\"article\" \/>\n<meta property=\"og:title\" content=\"Section CTA - Gintonic\" \/>\n<meta property=\"og:url\" content=\"https:\/\/gintonic.cat\/es\/section-cta\/\" \/>\n<meta property=\"og:site_name\" content=\"Gintonic\" \/>\n<meta property=\"article:modified_time\" content=\"2025-02-14T11:51:22+00:00\" \/>\n<meta name=\"twitter:card\" content=\"summary_large_image\" \/>\n<meta name=\"twitter:label1\" content=\"Tiempo de lectura\" \/>\n\t<meta name=\"twitter:data1\" content=\"1 minuto\" \/>\n<script type=\"application\/ld+json\" class=\"yoast-schema-graph\">{\"@context\":\"https:\\\/\\\/schema.org\",\"@graph\":[{\"@type\":\"WebPage\",\"@id\":\"https:\\\/\\\/gintonic.cat\\\/es\\\/section-cta\\\/\",\"url\":\"https:\\\/\\\/gintonic.cat\\\/es\\\/section-cta\\\/\",\"name\":\"Section CTA - Gintonic\",\"isPartOf\":{\"@id\":\"https:\\\/\\\/gintonic.cat\\\/es\\\/#website\"},\"datePublished\":\"2025-02-14T10:47:34+00:00\",\"dateModified\":\"2025-02-14T11:51:22+00:00\",\"breadcrumb\":{\"@id\":\"https:\\\/\\\/gintonic.cat\\\/es\\\/section-cta\\\/#breadcrumb\"},\"inLanguage\":\"es\",\"potentialAction\":[{\"@type\":\"ReadAction\",\"target\":[\"https:\\\/\\\/gintonic.cat\\\/es\\\/section-cta\\\/\"]}]},{\"@type\":\"BreadcrumbList\",\"@id\":\"https:\\\/\\\/gintonic.cat\\\/es\\\/section-cta\\\/#breadcrumb\",\"itemListElement\":[{\"@type\":\"ListItem\",\"position\":1,\"name\":\"Inici\",\"item\":\"https:\\\/\\\/gintonic.cat\\\/es\\\/inicio\\\/\"},{\"@type\":\"ListItem\",\"position\":2,\"name\":\"Section CTA\"}]},{\"@type\":\"WebSite\",\"@id\":\"https:\\\/\\\/gintonic.cat\\\/es\\\/#website\",\"url\":\"https:\\\/\\\/gintonic.cat\\\/es\\\/\",\"name\":\"Gintonic\",\"description\":\"\",\"potentialAction\":[{\"@type\":\"SearchAction\",\"target\":{\"@type\":\"EntryPoint\",\"urlTemplate\":\"https:\\\/\\\/gintonic.cat\\\/es\\\/?s={search_term_string}\"},\"query-input\":{\"@type\":\"PropertyValueSpecification\",\"valueRequired\":true,\"valueName\":\"search_term_string\"}}],\"inLanguage\":\"es\"}]}<\/script>\n<!-- \/ Yoast SEO plugin. -->","yoast_head_json":{"title":"Section CTA - Gintonic","robots":{"index":"index","follow":"follow","max-snippet":"max-snippet:-1","max-image-preview":"max-image-preview:large","max-video-preview":"max-video-preview:-1"},"canonical":"https:\/\/gintonic.cat\/es\/section-cta\/","og_locale":"es_ES","og_type":"article","og_title":"Section CTA - Gintonic","og_url":"https:\/\/gintonic.cat\/es\/section-cta\/","og_site_name":"Gintonic","article_modified_time":"2025-02-14T11:51:22+00:00","twitter_card":"summary_large_image","twitter_misc":{"Tiempo de lectura":"1 minuto"},"schema":{"@context":"https:\/\/schema.org","@graph":[{"@type":"WebPage","@id":"https:\/\/gintonic.cat\/es\/section-cta\/","url":"https:\/\/gintonic.cat\/es\/section-cta\/","name":"Section CTA - Gintonic","isPartOf":{"@id":"https:\/\/gintonic.cat\/es\/#website"},"datePublished":"2025-02-14T10:47:34+00:00","dateModified":"2025-02-14T11:51:22+00:00","breadcrumb":{"@id":"https:\/\/gintonic.cat\/es\/section-cta\/#breadcrumb"},"inLanguage":"es","potentialAction":[{"@type":"ReadAction","target":["https:\/\/gintonic.cat\/es\/section-cta\/"]}]},{"@type":"BreadcrumbList","@id":"https:\/\/gintonic.cat\/es\/section-cta\/#breadcrumb","itemListElement":[{"@type":"ListItem","position":1,"name":"Inici","item":"https:\/\/gintonic.cat\/es\/inicio\/"},{"@type":"ListItem","position":2,"name":"Section CTA"}]},{"@type":"WebSite","@id":"https:\/\/gintonic.cat\/es\/#website","url":"https:\/\/gintonic.cat\/es\/","name":"Gintonic","description":"","potentialAction":[{"@type":"SearchAction","target":{"@type":"EntryPoint","urlTemplate":"https:\/\/gintonic.cat\/es\/?s={search_term_string}"},"query-input":{"@type":"PropertyValueSpecification","valueRequired":true,"valueName":"search_term_string"}}],"inLanguage":"es"}]}},"_links":{"self":[{"href":"https:\/\/gintonic.cat\/es\/wp-json\/wp\/v2\/pages\/1292","targetHints":{"allow":["GET"]}}],"collection":[{"href":"https:\/\/gintonic.cat\/es\/wp-json\/wp\/v2\/pages"}],"about":[{"href":"https:\/\/gintonic.cat\/es\/wp-json\/wp\/v2\/types\/page"}],"author":[{"embeddable":true,"href":"https:\/\/gintonic.cat\/es\/wp-json\/wp\/v2\/users\/3"}],"replies":[{"embeddable":true,"href":"https:\/\/gintonic.cat\/es\/wp-json\/wp\/v2\/comments?post=1292"}],"version-history":[{"count":6,"href":"https:\/\/gintonic.cat\/es\/wp-json\/wp\/v2\/pages\/1292\/revisions"}],"predecessor-version":[{"id":1425,"href":"https:\/\/gintonic.cat\/es\/wp-json\/wp\/v2\/pages\/1292\/revisions\/1425"}],"wp:attachment":[{"href":"https:\/\/gintonic.cat\/es\/wp-json\/wp\/v2\/media?parent=1292"}],"curies":[{"name":"wp","href":"https:\/\/api.w.org\/{rel}","templated":true}]}}